{"id":129,"date":"2021-10-01T18:31:00","date_gmt":"2021-10-01T18:31:00","guid":{"rendered":"https:\/\/www.vantaanpelimannit.fi\/?page_id=129"},"modified":"2025-11-16T22:02:31","modified_gmt":"2025-11-16T22:02:31","slug":"esiintymisia","status":"publish","type":"page","link":"https:\/\/www.vantaanpelimannit.fi\/?page_id=129","title":{"rendered":"Esiintymisi\u00e4 2026"},"content":{"rendered":"\n<h4 class=\"wp-block-heading\">&#8211; pe 13.3. &#8211; su 15.3. Samuelin Poloneesi Savonlinna ?. <\/h4>\n\n\n\n<h4 class=\"wp-block-heading\">. to 14.5. helatorstaitanssit P\u00e5kas<\/h4>\n\n\n\n<h4 class=\"wp-block-heading\">&#8211; 13. &#8211; 19.7. Kaustinen<\/h4>\n\n\n\n<p><\/p>\n\n\n\n<p><\/p>\n\n\n\n<h2 class=\"wp-block-heading\">Esiintymisi\u00e4  2025<\/h2>\n\n\n\n<h4 class=\"wp-block-heading\">. la 29.3. Juurijuhlan pilpatus Espoon  Lippulaivassa Espoonlahdenkatu 8 klo 12.00<\/h4>\n\n\n\n<h4 class=\"wp-block-heading\">. su 27.4. Jokileijonat P\u00e5kas klo 14.00-<\/h4>\n\n\n\n<h4 class=\"wp-block-heading\">&#8211; la 3.5. klo 14.00 Hakunilan kartano, kev\u00e4t-tapahtuma<\/h4>\n\n\n\n<h4 class=\"wp-block-heading\">. la 17.5. klo 13.00 L\u00e4nsim\u00e4ki-p\u00e4iv\u00e4 L\u00e4nsim\u00e4en kirjasto<br><br>. to 29.5.  klo 14.00 Helatorstaitanssit P\u00e5kas<\/h4>\n\n\n\n<h4 class=\"wp-block-heading\">. ma 2.6. klo 18.00 Vantaan Aikuisopiston Lummetie 5:n pihassa peruttu. Sen sijaan harjoitellaan Kaustista samaan aikaan P\u00e5kaksessa.<\/h4>\n\n\n\n<h4 class=\"wp-block-heading\">. Kaustinen Folkmusic Festival 7. &#8211; 13.7.25<\/h4>\n\n\n\n<h4 class=\"wp-block-heading\">. . ti 8.7. klo 16.40- 17.10 Wiljami<br>.. ke 8.7. klo 11.30- 12.00 Puolimatka<\/h4>\n\n\n\n<h4 class=\"wp-block-heading\">. su 9.11. klo 9.00 kansanlaulukirkko Tikkurilan kirkko, s\u00e4estys<\/h4>\n\n\n\n<h4 class=\"wp-block-heading\">. ke 19.11. klo 14.00 Tikkurilan asukastila Lummetie 2bA  It\u00e4-Vantaan seniorien tasavuotisjuhlat<\/h4>\n\n\n\n<h4 class=\"wp-block-heading\">. la 22.11. klo 16.00 teatteri F\u00e5ll\u00e5ker Espoo Bemb\u00f6le. Espoon pelimannit 50v. yhteissoittoa<\/h4>\n\n\n\n<h4 class=\"wp-block-heading\">. to 11.12. klo 16.00 M\u00e4nts\u00e4l\u00e4n Kivist\u00f6ntien palvelutalo, joululauluja<\/h4>\n\n\n\n<p>. <\/p>\n\n\n\n<p><\/p>\n\n\n\n<h2 class=\"wp-block-heading has-primary-color has-text-color\">2024 tapahtuneet<\/h2>\n\n\n\n<ul class=\"wp-block-list has-primary-color has-text-color\">\n<li class=\"has-larger-font-size\"><strong>Hakulilan kirkko<\/strong><br><strong>Konsertti itkij\u00e4naisten Mielikki kanssa<\/strong><br><strong>&#8211; ke 7.2. klo 13.00.<\/strong><\/li>\n<\/ul>\n\n\n\n<ul class=\"wp-block-list has-accent-color has-text-color\">\n<li class=\"has-larger-font-size\"><strong>Samuelin poloneesi Helsinki  15.3 &#8211; 17.3.<br>&#8211;<\/strong> <strong>la 16.3. klo 15.03- 15.10 Pelimanniparaatissa Ritarihuoneella <\/strong><br><strong>&#8211; su 17.3. klo 12.02- 12.25 Savoy-teatterissa ennen p\u00e4\u00e4juhlaa, joka alkaa klo 13.00<br><br>Juurijuhlan Pilpatussoitot Espoossa Ison Omenan kirjastossa<\/strong><br>&#8211;<strong> la 6.4.<\/strong> <strong>klo 12.30<\/strong><\/li>\n\n\n\n<li class=\"has-larger-font-size\"><strong>Jokileijonat P\u00e5kaksen kotiseututalolla<br>&#8211; su 21.4. klo 14.00<\/strong><br><strong><br>L\u00e4nsim\u00e4en Kyl\u00e4p\u00e4iv\u00e4t L\u00e4nsim\u00e4en kirjastossa Suunnistajankuja 2.                   la 18.5. Klo 14.15<\/strong> <br><strong>Tilaisuus klo  11.00- 15.00<\/strong><br><strong><br>Kaustisten kansamusiikkijuhlat 8. &#8211; 14. 7.<br>&#8211; ke 10.7. klo 17.00 -17.30 Puolimatka<\/strong><\/li>\n\n\n\n<li class=\"has-larger-font-size\"><strong>&#8211; ke 10.7. klo 22.30 &#8211; 23.15 Juhlapiha, tanssit &#8211; to 11.7. klo 11.20 &#8211; 11.50  Wiljami<\/strong><br><br><strong>H\u00e5kansb\u00f6len kartanon pikkutallilla Hakunilassa suvisunnuntain s\u00e4veli\u00e4<\/strong><\/li>\n\n\n\n<li class=\"has-larger-font-size\"><strong>&#8211; su 21.7. klo 13.00 <\/strong><br><br><strong>Mikkola- P\u00e4iv\u00e4  Mikkolan koulun kent\u00e4ll\u00e4  la 14.9.2024 klo 13.15<\/strong><\/li>\n\n\n\n<li class=\"has-larger-font-size\"><\/li>\n\n\n\n<li class=\"has-larger-font-size\">&#8211; <strong>pe<\/strong> <strong>11.10.2024 klo 13.00 Attendo Jaspiksen hoivakoti Jaspiskuja 12 Kivist\u00f6 (yksityistilaisuus)<\/strong><\/li>\n\n\n\n<li class=\"has-larger-font-size\"><\/li>\n\n\n\n<li class=\"has-larger-font-size\">&#8211; <strong>ti 22.10. 2024 klo 14.30 Tikkurilan asukastila Lummetie 2A It\u00e4-Vantaan kansalliset seniorit (yksityistilaisuus)  <\/strong><br><\/li>\n\n\n\n<li class=\"has-larger-font-size\"><strong>ke 23.10. klo 13.00 Hakunilan kirkko, yhteislauluja Itkij\u00e4naisten kanssa<\/strong><br><\/li>\n\n\n\n<li class=\"has-larger-font-size\"><strong>Kaamospelit 9. &#8211; 17.11.2024<\/strong><br>&#8211; <strong>la 9.11. klo 11.30 Kauppakeskus Dixi Tikkurila<\/strong><br>&#8211; <strong>16.11. klo 19.00 Vantaan sottiisi Teatteri Vantaa<\/strong><br><strong>&#8211; su 17.11. klo 10 Tikkurilan kirkko, yhteislauluja<\/strong><br><br>&#8211; <strong>to 28.11. klo 16.00 M\u00e4nts\u00e4l\u00e4n palvelutalo<\/strong>, <strong>joululauluja<\/strong><br><\/li>\n<\/ul>\n\n\n\n<h4 class=\"wp-block-heading has-primary-color has-text-color\"><br>2023<\/h4>\n\n\n\n<h3 class=\"wp-block-heading has-larger-font-size\"><strong>Samuelin poloneesi Turku<br>&#8211; la 18.3. &#8211; su 19.3.<\/strong><\/h3>\n\n\n\n<p class=\"has-primary-color has-text-color has-larger-font-size\">Juurijuhlan pilpatussoitot Ison Omenan kirjasto 3.kerros, Suomenlahdentie 1 Espoo<br>&#8211; la 15.4. klo 12.00 n.30 min<br><br>Jokileijonak\u00e4vely tapahtuma\/Lions-club, esittelysoitto, n. 15 min<br> -su 23.4. klo 14.30  P\u00e5kas<\/p>\n\n\n\n<h3 class=\"wp-block-heading has-larger-font-size\">Vuosaaren merimieskirkko, Provianttikatu 4<br>&#8211; ke 26.4. klo 18.00<\/h3>\n\n\n\n<h3 class=\"wp-block-heading has-primary-color has-text-color has-larger-font-size\">L\u00e4nsim\u00e4en kyl\u00e4p\u00e4iv\u00e4t<br>&#8211; la 13.5. klo 14.00<br> L\u00e4nsim\u00e4en kirjasto <br><br>Helluntaitanssit su 28.5. klo 14.00 P\u00e5kas<\/h3>\n\n\n\n<h3 class=\"wp-block-heading has-primary-color has-text-color has-larger-font-size\">Kaustisten kansanmusiikkijuhlat<br>&#8211; to 13.7. &#8211; la 15.7.<\/h3>\n\n\n\n<h3 class=\"wp-block-heading has-primary-color has-text-color has-larger-font-size\">&#8211; to 13.7. klo 14.10-14.30 Juhlapiha<\/h3>\n\n\n\n<h3 class=\"wp-block-heading has-primary-color has-text-color has-larger-font-size\">&#8211; pe 14.7. klo 10.45-11.15  Puolimatka<\/h3>\n\n\n\n<h3 class=\"wp-block-heading has-primary-color has-text-color has-larger-font-size\">&#8211; la 15.7. klo 11.30-12.00  Puolimatka<\/h3>\n\n\n\n<h3 class=\"wp-block-heading has-primary-color has-text-color has-larger-font-size\"><br> Wiinit Pelimannit Parainen  &#8211; la 5.8- su 6.8.<\/h3>\n\n\n\n<h3 class=\"wp-block-heading has-primary-color has-text-color has-larger-font-size\">Mikkolan kyl\u00e4p\u00e4iv\u00e4t la 9.9.2023 klo 13.00 Mikkolan koululla<\/h3>\n\n\n\n<h3 class=\"wp-block-heading has-accent-color has-text-color has-larger-font-size\"><br>Kaamospelit\/Vantaan kansanmusiikkiviikko<br>&#8211; la 11.11.  klo 11-12,  Yht\u00e4soittoa kauppakeskus Dixi Tikkurilan rautatieasema 2.krs, vapaa p\u00e4\u00e4sy<br><br>&#8211; su 12.11.  klo 16.00, Konsertti, Tikkurilan kirkko, vapaa p\u00e4\u00e4sy, k\u00e4siohjelma 15\u20ac<br><br>&#8211; pe 17.11.  klo 20.00 Vantaan sottiisi, Vantaan musiikkiopiston Lummesalissa, VP:n lis\u00e4ksi Barockst\u00e4mman Kreeta Maria Kentala &amp; Jouko Kyh\u00e4l\u00e4-duo<br>liput 15\/7,50\u20ac<br><br>&#8211; la 18.11. klo 10-15 Musiikkikursseja Viertolan koulu, Ukulelekurssi\/Lauri Keskinen, Rosendalin  arkistot kaikille soittimille\/Pekka Pentik\u00e4inen, Kaustisen ohjelmistoa\/Kreeta-Maria Kentala; j\u00e4rjest\u00e4\u00e4 Uudenmaan kansanmusiikkiyhdistys, kurssimaksut 20\u20ac\/j\u00e4senet, 25\u20ac muut. Ilmoittautumiset 12.11. menness\u00e4 Anja Hinkkanen; anja.hinkkanen@gmail.com<br><\/h3>\n\n\n\n<p class=\"has-accent-color has-text-color\">Kaamospelit<\/p>\n\n\n\n<p><\/p>\n\n\n\n<p><\/p>\n\n\n\n<h2 class=\"wp-block-heading has-larger-font-size\"><br><br>2022:<\/h2>\n\n\n\n<h2 class=\"wp-block-heading has-larger-font-size\">&#8211; la 9.4.2022 klo 13.00 Juurijuhlan pilpatussoitot Espoon kauppakeskus Omenan kirjastossa <\/h2>\n\n\n\n<h2 class=\"wp-block-heading has-larger-font-size\"><br>&#8211; to 26.5.2022 klo 13.00 alkaen Helatanssit P\u00e5kaksen ulkolavalla<\/h2>\n\n\n\n<h2 class=\"wp-block-heading has-larger-font-size\"><br>&#8211; la 28.5. 2022 klo 14.00 L\u00e4nsim\u00e4kip\u00e4iv\u00e4t L\u00e4nsim\u00e4en kirjastossa<\/h2>\n\n\n\n<h2 class=\"wp-block-heading has-larger-font-size\">&#8211; ke 15.6.2022 klo 18.30 Myllyillan yhteislaulutilaisuus Vantaan myllyll\u00e4<\/h2>\n\n\n\n<h2 class=\"wp-block-heading has-larger-font-size\"><br>&#8211; ke 13.7.- to 14.7.2022 Kaustisten kansanmusiikkijuhlilla<br>&#8212; ke klo 17.00 Puolimatka<br>&#8212; ke 22.45 Juhlapiha, tanssit<br>&#8212; to klo 17.00 Kestkievari, tanssit<\/h2>\n\n\n\n<h2 class=\"wp-block-heading has-larger-font-size\"><br>&#8211; La 10.9.2022 Mikkolan Kyl\u00e4karnevaalit klo 11.00-15.00<\/h2>\n\n\n\n<h2 class=\"wp-block-heading has-accent-color has-text-color has-larger-font-size\"> &#8211; Kaamospelit 2022 (ks, www.kaamospelit.fi)<br><br>    &#8212;  la 12.11. klo 11.00-14.00 Yht\u00e4soittoa Tikkurilan ostoskeskus Dixi, VR:n asemasillalla, Vantaan Pelimannit klo 11.00-11.45<br><br>   &#8212; su 13.11. klo 10.00 kansanlaulukirkko Tikkurilan uudessa kirkossa Vantaan pelimannit s\u00e4est\u00e4\u00e4.<br><br>  &#8212; pe 18.11. klo 19.00- Vantaan Sottiisi Korson Lumosalissa, Vantaan pelimannit aloittaa, JPP Kaustisilta jatkaa, liput 20\/15\u20ac<br><br>&#8212; la 19.11. klo 11.00-16.00 kansanmusiikkikurssit Viertolan koulu<\/h2>\n\n\n\n<p class=\"has-larger-font-size\"><br><\/p>\n\n\n\n<h2 class=\"wp-block-heading\"><\/h2>\n\n\n\n<p><\/p>\n","protected":false},"excerpt":{"rendered":"<p>&#8211; pe 13.3. &#8211; su 15.3. Samuelin Poloneesi Savonlinna ?. . to 14.5. helatorstaitanssit P\u00e5kas &#8211; 13. &#8211; 19.7. Kaustinen Esiintymisi\u00e4 2025 . la 29.3. Juurijuhlan pilpatus Espoon Lippulaivassa Espoonlahdenkatu 8 klo 12.00 . su 27.4. Jokileijonat P\u00e5kas klo 14.00- &#8211; la 3.5. klo 14.00 Hakunilan kartano, kev\u00e4t-tapahtuma . la 17.5. klo 13.00 L\u00e4nsim\u00e4ki-p\u00e4iv\u00e4 L\u00e4nsim\u00e4en [&hellip;]<\/p>\n","protected":false},"author":1,"featured_media":0,"parent":0,"menu_order":0,"comment_status":"closed","ping_status":"closed","template":"","meta":{"footnotes":""},"class_list":["post-129","page","type-page","status-publish","hentry"],"_links":{"self":[{"href":"https:\/\/www.vantaanpelimannit.fi\/index.php?rest_route=\/wp\/v2\/pages\/129","targetHints":{"allow":["GET"]}}],"collection":[{"href":"https:\/\/www.vantaanpelimannit.fi\/index.php?rest_route=\/wp\/v2\/pages"}],"about":[{"href":"https:\/\/www.vantaanpelimannit.fi\/index.php?rest_route=\/wp\/v2\/types\/page"}],"author":[{"embeddable":true,"href":"https:\/\/www.vantaanpelimannit.fi\/index.php?rest_route=\/wp\/v2\/users\/1"}],"replies":[{"embeddable":true,"href":"https:\/\/www.vantaanpelimannit.fi\/index.php?rest_route=%2Fwp%2Fv2%2Fcomments&post=129"}],"version-history":[{"count":73,"href":"https:\/\/www.vantaanpelimannit.fi\/index.php?rest_route=\/wp\/v2\/pages\/129\/revisions"}],"predecessor-version":[{"id":478,"href":"https:\/\/www.vantaanpelimannit.fi\/index.php?rest_route=\/wp\/v2\/pages\/129\/revisions\/478"}],"wp:attachment":[{"href":"https:\/\/www.vantaanpelimannit.fi\/index.php?rest_route=%2Fwp%2Fv2%2Fmedia&parent=129"}],"curies":[{"name":"wp","href":"https:\/\/api.w.org\/{rel}","templated":true}]}}