{"id":191,"date":"2022-02-02T12:41:59","date_gmt":"2022-02-02T12:41:59","guid":{"rendered":"https:\/\/www.vantaanpelimannit.fi\/?page_id=191"},"modified":"2025-03-05T17:20:13","modified_gmt":"2025-03-05T17:20:13","slug":"soittonaytteita","status":"publish","type":"page","link":"https:\/\/www.vantaanpelimannit.fi\/?page_id=191","title":{"rendered":"Soitton\u00e4ytteit\u00e4"},"content":{"rendered":"\n<h2 class=\"wp-block-heading\">Soittoa P\u00e5kaksen pihalla hein\u00e4kuussa 2021 4kpl. Haku: Youtube.com\/Vantaan pelimannit<\/h2>\n\n\n\n<h2 class=\"wp-block-heading\">Olemme tuottaneet 2kpl CD-levyj\u00e4.<\/h2>\n\n\n\n<h2 class=\"wp-block-heading\"> &#8211; Viimeisin vuodelta 2016. Saatavissa hintaan 15\u20ac\/kpl.<br>&#8211; vanhempi 2000-luvulta erikoishintaan 5\u20ac\/kpl, en\u00e4\u00e4 muutama j\u00e4ljell\u00e4<\/h2>\n\n\n\n<h2 class=\"wp-block-heading\">Kysy toimitusta sihteerilt\u00e4. 050-5609138<\/h2>\n\n\n\n<p><\/p>\n\n\n\n<figure class=\"wp-block-video\"><video controls src=\"https:\/\/www.vantaanpelimannit.fi\/wp-content\/uploads\/2025\/03\/20230714_104519.mp4\"><\/video><figcaption class=\"wp-element-caption\"><strong>Vantaan pelimannien juhlamarssi, Kaustisilla 2023<\/strong><\/figcaption><\/figure>\n\n\n\n<figure class=\"wp-block-video\"><video controls src=\"https:\/\/www.vantaanpelimannit.fi\/wp-content\/uploads\/2025\/02\/20230318_103707.mp4\"><\/video><figcaption class=\"wp-element-caption\"><strong>Bashana haba`ah Turku 2023<\/strong><\/figcaption><\/figure>\n\n\n\n<p><\/p>\n","protected":false},"excerpt":{"rendered":"<p>Soittoa P\u00e5kaksen pihalla hein\u00e4kuussa 2021 4kpl. Haku: Youtube.com\/Vantaan pelimannit Olemme tuottaneet 2kpl CD-levyj\u00e4. &#8211; Viimeisin vuodelta 2016. Saatavissa hintaan 15\u20ac\/kpl.&#8211; vanhempi 2000-luvulta erikoishintaan 5\u20ac\/kpl, en\u00e4\u00e4 muutama j\u00e4ljell\u00e4 Kysy toimitusta sihteerilt\u00e4. 050-5609138<\/p>\n","protected":false},"author":1,"featured_media":0,"parent":0,"menu_order":0,"comment_status":"closed","ping_status":"closed","template":"","meta":{"footnotes":""},"class_list":["post-191","page","type-page","status-publish","hentry"],"_links":{"self":[{"href":"https:\/\/www.vantaanpelimannit.fi\/index.php?rest_route=\/wp\/v2\/pages\/191","targetHints":{"allow":["GET"]}}],"collection":[{"href":"https:\/\/www.vantaanpelimannit.fi\/index.php?rest_route=\/wp\/v2\/pages"}],"about":[{"href":"https:\/\/www.vantaanpelimannit.fi\/index.php?rest_route=\/wp\/v2\/types\/page"}],"author":[{"embeddable":true,"href":"https:\/\/www.vantaanpelimannit.fi\/index.php?rest_route=\/wp\/v2\/users\/1"}],"replies":[{"embeddable":true,"href":"https:\/\/www.vantaanpelimannit.fi\/index.php?rest_route=%2Fwp%2Fv2%2Fcomments&post=191"}],"version-history":[{"count":10,"href":"https:\/\/www.vantaanpelimannit.fi\/index.php?rest_route=\/wp\/v2\/pages\/191\/revisions"}],"predecessor-version":[{"id":452,"href":"https:\/\/www.vantaanpelimannit.fi\/index.php?rest_route=\/wp\/v2\/pages\/191\/revisions\/452"}],"wp:attachment":[{"href":"https:\/\/www.vantaanpelimannit.fi\/index.php?rest_route=%2Fwp%2Fv2%2Fmedia&parent=191"}],"curies":[{"name":"wp","href":"https:\/\/api.w.org\/{rel}","templated":true}]}}